{"id":1479,"date":"2016-03-30T15:23:13","date_gmt":"2016-03-30T12:23:13","guid":{"rendered":"http:\/\/rode.fi\/sv\/?page_id=1479"},"modified":"2026-02-12T14:17:17","modified_gmt":"2026-02-12T12:17:17","slug":"kontakt","status":"publish","type":"page","link":"https:\/\/rode.fi\/sv\/kontakt\/","title":{"rendered":"Kontakt"},"content":{"rendered":"<p>Marimatic Oy \u00f6vervakar avfallssystemets funktion p\u00e5 sitt centrala kontrollrum dygnet runt. Ifall systemet inte fungerar som det ska \u2013 t.ex. insamlingspunktens lucka g\u00e5r inte att \u00f6ppna, inmatningsst\u00e4llet \u00e4r fullt, eller n\u00e5gon annan akut st\u00f6rning \u2013 ring helpdesken (m\u00e5n-fre 8-20, l\u00f6r 9-18).<\/p>\n<p>Ifall du annars vill ge respons, eller om st\u00f6rningen inte \u00e4r s\u00e5 akut att den skulle kr\u00e4va omedelbara \u00e5tg\u00e4rder, kan du skicka respons med formul\u00e4ret intill. Responsen kan behandlas snabbare om du kryssar i en av alternativen ovanf\u00f6r formul\u00e4ret.<\/p>\n<h2>Helpdesk 020\u00a0711 8455<\/h2>\n<p><strong>M\u00e5ndag-fredag 08.00-20.00<\/strong><br \/>\n<strong>L\u00f6rdag 09.00-18.00<\/strong><\/p>\n<p>Numret \u00e4r gratis (endast lna\/msa)<\/p>\n<p><a style=\"text-decoration: underline;\" href=\"https:\/\/rode.fi\/sv\/kontakt\/for-byggherrar-och-disponenter\/\">Kontaktuppgifter f\u00f6r byggherrar och disponenter<\/a><\/p>\n","protected":false},"excerpt":{"rendered":"<p>Marimatic Oy \u00f6vervakar avfallssystemets funktion p\u00e5 sitt centrala kontrollrum dygnet runt. Ifall systemet inte fungerar som det ska \u2013 t.ex. insamlingspunktens lucka g\u00e5r inte att\u2026<\/p>\n","protected":false},"author":10,"featured_media":0,"parent":0,"menu_order":0,"comment_status":"closed","ping_status":"closed","template":"page-contact.php","meta":{"_acf_changed":false,"footnotes":""},"class_list":["post-1479","page","type-page","status-publish","hentry"],"acf":[],"_links":{"self":[{"href":"https:\/\/rode.fi\/sv\/wp-json\/wp\/v2\/pages\/1479","targetHints":{"allow":["GET"]}}],"collection":[{"href":"https:\/\/rode.fi\/sv\/wp-json\/wp\/v2\/pages"}],"about":[{"href":"https:\/\/rode.fi\/sv\/wp-json\/wp\/v2\/types\/page"}],"author":[{"embeddable":true,"href":"https:\/\/rode.fi\/sv\/wp-json\/wp\/v2\/users\/10"}],"replies":[{"embeddable":true,"href":"https:\/\/rode.fi\/sv\/wp-json\/wp\/v2\/comments?post=1479"}],"version-history":[{"count":16,"href":"https:\/\/rode.fi\/sv\/wp-json\/wp\/v2\/pages\/1479\/revisions"}],"predecessor-version":[{"id":4166,"href":"https:\/\/rode.fi\/sv\/wp-json\/wp\/v2\/pages\/1479\/revisions\/4166"}],"wp:attachment":[{"href":"https:\/\/rode.fi\/sv\/wp-json\/wp\/v2\/media?parent=1479"}],"curies":[{"name":"wp","href":"https:\/\/api.w.org\/{rel}","templated":true}]}}