{"id":248,"date":"2012-05-22T10:41:44","date_gmt":"2012-05-22T07:41:44","guid":{"rendered":"http:\/\/dev.imu.solidangle.fi\/etusivu-2\/"},"modified":"2021-11-15T12:04:11","modified_gmt":"2021-11-15T10:04:11","slug":"forstasida","status":"publish","type":"page","link":"https:\/\/rode.fi\/sv\/","title":{"rendered":"F\u00f6rstasida"},"content":{"rendered":"","protected":false},"excerpt":{"rendered":"<p>Det g\u00e5r i ett r\u00f6r<\/p>\n","protected":false},"author":10,"featured_media":2559,"parent":0,"menu_order":5,"comment_status":"closed","ping_status":"closed","template":"","meta":{"_acf_changed":false,"footnotes":""},"class_list":["post-248","page","type-page","status-publish","has-post-thumbnail","hentry"],"acf":[],"_links":{"self":[{"href":"https:\/\/rode.fi\/sv\/wp-json\/wp\/v2\/pages\/248","targetHints":{"allow":["GET"]}}],"collection":[{"href":"https:\/\/rode.fi\/sv\/wp-json\/wp\/v2\/pages"}],"about":[{"href":"https:\/\/rode.fi\/sv\/wp-json\/wp\/v2\/types\/page"}],"author":[{"embeddable":true,"href":"https:\/\/rode.fi\/sv\/wp-json\/wp\/v2\/users\/10"}],"replies":[{"embeddable":true,"href":"https:\/\/rode.fi\/sv\/wp-json\/wp\/v2\/comments?post=248"}],"version-history":[{"count":20,"href":"https:\/\/rode.fi\/sv\/wp-json\/wp\/v2\/pages\/248\/revisions"}],"predecessor-version":[{"id":3115,"href":"https:\/\/rode.fi\/sv\/wp-json\/wp\/v2\/pages\/248\/revisions\/3115"}],"wp:featuredmedia":[{"embeddable":true,"href":"https:\/\/rode.fi\/sv\/wp-json\/wp\/v2\/media\/2559"}],"wp:attachment":[{"href":"https:\/\/rode.fi\/sv\/wp-json\/wp\/v2\/media?parent=248"}],"curies":[{"name":"wp","href":"https:\/\/api.w.org\/{rel}","templated":true}]}}