{"id":2551,"date":"2018-10-30T18:50:46","date_gmt":"2018-10-30T16:50:46","guid":{"rendered":"http:\/\/rode.fi\/?page_id=2551"},"modified":"2018-10-31T14:58:18","modified_gmt":"2018-10-31T12:58:18","slug":"plastforpackningar","status":"publish","type":"page","link":"https:\/\/rode.fi\/sv\/forstasida\/nyt-saa-luukuttaa\/plastforpackningar\/","title":{"rendered":"Plastf\u00f6rpackningar"},"content":{"rendered":"<p>Tomma, rena och torra livsmedelsf\u00f6rpackningar av plast, plastf\u00f6rpackningar f\u00f6r tv\u00e4ttmedel, schampo och tv\u00e5l, flaskor, kanistrar och burkar av plast, plastkassar, -p\u00e5sar och -omslag. Korkar, lock och pumpdelar separat.<\/p>\n<h3>Kom ih\u00e5g!<\/h3>\n<p>L\u00e4gg plastf\u00f6rpackningar i r\u00f6ret i en plastp\u00e5se.<\/p>\n","protected":false},"excerpt":{"rendered":"<p>Tomma, rena och torra livsmedelsf\u00f6rpackningar av plast, plastf\u00f6rpackningar f\u00f6r tv\u00e4ttmedel, schampo och tv\u00e5l, flaskor, kanistrar och burkar av plast, plastkassar, -p\u00e5sar och -omslag. Korkar, lock\u2026<\/p>\n","protected":false},"author":10,"featured_media":2517,"parent":299,"menu_order":5,"comment_status":"closed","ping_status":"closed","template":"","meta":{"_acf_changed":false,"footnotes":""},"class_list":["post-2551","page","type-page","status-publish","has-post-thumbnail","hentry"],"acf":[],"_links":{"self":[{"href":"https:\/\/rode.fi\/sv\/wp-json\/wp\/v2\/pages\/2551","targetHints":{"allow":["GET"]}}],"collection":[{"href":"https:\/\/rode.fi\/sv\/wp-json\/wp\/v2\/pages"}],"about":[{"href":"https:\/\/rode.fi\/sv\/wp-json\/wp\/v2\/types\/page"}],"author":[{"embeddable":true,"href":"https:\/\/rode.fi\/sv\/wp-json\/wp\/v2\/users\/10"}],"replies":[{"embeddable":true,"href":"https:\/\/rode.fi\/sv\/wp-json\/wp\/v2\/comments?post=2551"}],"version-history":[{"count":2,"href":"https:\/\/rode.fi\/sv\/wp-json\/wp\/v2\/pages\/2551\/revisions"}],"predecessor-version":[{"id":2638,"href":"https:\/\/rode.fi\/sv\/wp-json\/wp\/v2\/pages\/2551\/revisions\/2638"}],"up":[{"embeddable":true,"href":"https:\/\/rode.fi\/sv\/wp-json\/wp\/v2\/pages\/299"}],"wp:featuredmedia":[{"embeddable":true,"href":"https:\/\/rode.fi\/sv\/wp-json\/wp\/v2\/media\/2517"}],"wp:attachment":[{"href":"https:\/\/rode.fi\/sv\/wp-json\/wp\/v2\/media?parent=2551"}],"curies":[{"name":"wp","href":"https:\/\/api.w.org\/{rel}","templated":true}]}}