{"id":286,"date":"2012-05-22T13:57:30","date_gmt":"2012-05-22T10:57:30","guid":{"rendered":"http:\/\/dev.imu.solidangle.fi\/luukulla-2\/"},"modified":"2018-10-24T10:44:34","modified_gmt":"2018-10-24T07:44:34","slug":"luukulla","status":"publish","type":"page","link":"https:\/\/rode.fi\/sv\/forstasida\/ta-hand-om-rore\/luukulla\/","title":{"rendered":"Vid luckan"},"content":{"rendered":"<p>V\u00e4lsorterat avfall \u00e4r l\u00e4tt att \u00e5tervinna. Kontrollera locket f\u00f6r att f\u00f6rs\u00e4kra dig om att du kastar avfallet i r\u00e4tt lucka och placera sen avfallet i r\u00f6ret. F\u00e4st uppm\u00e4rksamhet vid p\u00e5sens storlek redan under sorteringen, eftersom en alltf\u00f6r stor p\u00e5se kan t\u00e4ppa till systemet. Du kan ocks\u00e5 alltid ringa helpdesken om du \u00e4r os\u00e4ker p\u00e5 att du g\u00f6r r\u00e4tt.<\/p>\n<ul>\n<li><strong>Bioavfall<\/strong> &#8211; T\u00e4pp inte till r\u00f6ret \u2013 ju torrare bioavfallet \u00e4r, desto b\u00e4ttre fungerar systemet.<\/li>\n<li><strong>Papper<\/strong> &#8211; T\u00e4pp inte till r\u00f6ret \u2013 sl\u00e4ng pappersbuntarna en i taget.<\/li>\n<li><strong>Kartong<\/strong> &#8211; T\u00e4pp inte till r\u00f6ret \u2013 f\u00f6r st\u00f6rre kartonger till \u00e5tervinningsrummet.<\/li>\n<li><strong>Blandavfall<\/strong> &#8211; T\u00e4pp inte till r\u00f6ret \u2013 l\u00e5nga f\u00f6rem\u00e5l kan stoppa upp hela systemet.<\/li>\n<li><strong>Plastf\u00f6rpackningar<\/strong> &#8211; T\u00e4pp inte till r\u00f6ret \u2013 l\u00e4gg plastf\u00f6rpackningar i r\u00f6ret i en plastp\u00e5se.<\/li>\n<\/ul>\n","protected":false},"excerpt":{"rendered":"<p>V\u00e4lsorterat avfall \u00e4r l\u00e4tt att \u00e5tervinna. Kontrollera locket f\u00f6r att f\u00f6rs\u00e4kra dig om att du kastar avfallet i r\u00e4tt lucka och placera sen avfallet i\u2026<\/p>\n","protected":false},"author":10,"featured_media":0,"parent":367,"menu_order":1,"comment_status":"closed","ping_status":"closed","template":"","meta":{"_acf_changed":false,"footnotes":""},"class_list":["post-286","page","type-page","status-publish","hentry"],"acf":[],"_links":{"self":[{"href":"https:\/\/rode.fi\/sv\/wp-json\/wp\/v2\/pages\/286","targetHints":{"allow":["GET"]}}],"collection":[{"href":"https:\/\/rode.fi\/sv\/wp-json\/wp\/v2\/pages"}],"about":[{"href":"https:\/\/rode.fi\/sv\/wp-json\/wp\/v2\/types\/page"}],"author":[{"embeddable":true,"href":"https:\/\/rode.fi\/sv\/wp-json\/wp\/v2\/users\/10"}],"replies":[{"embeddable":true,"href":"https:\/\/rode.fi\/sv\/wp-json\/wp\/v2\/comments?post=286"}],"version-history":[{"count":13,"href":"https:\/\/rode.fi\/sv\/wp-json\/wp\/v2\/pages\/286\/revisions"}],"predecessor-version":[{"id":1796,"href":"https:\/\/rode.fi\/sv\/wp-json\/wp\/v2\/pages\/286\/revisions\/1796"}],"up":[{"embeddable":true,"href":"https:\/\/rode.fi\/sv\/wp-json\/wp\/v2\/pages\/367"}],"wp:attachment":[{"href":"https:\/\/rode.fi\/sv\/wp-json\/wp\/v2\/media?parent=286"}],"curies":[{"name":"wp","href":"https:\/\/api.w.org\/{rel}","templated":true}]}}