{"id":3116,"date":"2021-11-15T12:16:09","date_gmt":"2021-11-15T10:16:09","guid":{"rendered":"https:\/\/rode.fi\/?page_id=3116"},"modified":"2021-11-15T15:34:56","modified_gmt":"2021-11-15T13:34:56","slug":"sorteringsrum","status":"publish","type":"page","link":"https:\/\/rode.fi\/sv\/sorteringsrum\/","title":{"rendered":"Sorteringsrum"},"content":{"rendered":"<p>SORTERING I hemmet \u00e4r utg\u00e5ngspunkten f\u00f6r fungerade \u00e5tervinning. D\u00e4rf\u00f6r ska du redan d\u00e4r soporna uppst\u00e5r ta h\u00e4nsyn till alla de olika avfallssorter som l\u00e4ggs i sopsugsystemet och planera hemmets sortering s\u00e5 att den fungerar f\u00f6r dig. Genom sopsugsystemet samlar vi in blandavfall, bioavfall, kartong, papper och plastf\u00f6rpackningar. \u00d6vriga avfallssorter samlas i sorteringsrummet.<\/p>\n<p>L\u00e4s mer fr\u00e5n <a href=\"https:\/\/rode.fi\/wp-content\/uploads\/2021\/11\/rode-bruksinstruktion-for-sorteringsrum-2018_mod.pdf\">Bruksinstruktion f\u00f6r sorteringsrum<\/a>.<\/p>\n<h2>Mer information av \u00e5tervinning<\/h2>\n<p><a href=\"https:\/\/www.kierratyskeskus.fi\/myymalat_ja_palvelut\">Kierr\u00e4tyskeskus<\/a>\u00a0(\u00e5tervinning)<br \/>\n<a href=\"https:\/\/www.hsy.fi\/sv\/avfall-och-atervinning\/sortti-stationerna\/\">Sortti-stationerna<\/a>\u00a0(avfall)<\/p>\n","protected":false},"excerpt":{"rendered":"<p>SORTERING I hemmet \u00e4r utg\u00e5ngspunkten f\u00f6r fungerade \u00e5tervinning. D\u00e4rf\u00f6r ska du redan d\u00e4r soporna uppst\u00e5r ta h\u00e4nsyn till alla de olika avfallssorter som l\u00e4ggs i\u2026<\/p>\n","protected":false},"author":15,"featured_media":0,"parent":0,"menu_order":0,"comment_status":"closed","ping_status":"closed","template":"page-map.php","meta":{"_acf_changed":false,"footnotes":""},"class_list":["post-3116","page","type-page","status-publish","hentry"],"acf":[],"_links":{"self":[{"href":"https:\/\/rode.fi\/sv\/wp-json\/wp\/v2\/pages\/3116","targetHints":{"allow":["GET"]}}],"collection":[{"href":"https:\/\/rode.fi\/sv\/wp-json\/wp\/v2\/pages"}],"about":[{"href":"https:\/\/rode.fi\/sv\/wp-json\/wp\/v2\/types\/page"}],"author":[{"embeddable":true,"href":"https:\/\/rode.fi\/sv\/wp-json\/wp\/v2\/users\/15"}],"replies":[{"embeddable":true,"href":"https:\/\/rode.fi\/sv\/wp-json\/wp\/v2\/comments?post=3116"}],"version-history":[{"count":6,"href":"https:\/\/rode.fi\/sv\/wp-json\/wp\/v2\/pages\/3116\/revisions"}],"predecessor-version":[{"id":3167,"href":"https:\/\/rode.fi\/sv\/wp-json\/wp\/v2\/pages\/3116\/revisions\/3167"}],"wp:attachment":[{"href":"https:\/\/rode.fi\/sv\/wp-json\/wp\/v2\/media?parent=3116"}],"curies":[{"name":"wp","href":"https:\/\/api.w.org\/{rel}","templated":true}]}}