{"id":3128,"date":"2021-11-15T12:27:40","date_gmt":"2021-11-15T10:27:40","guid":{"rendered":"https:\/\/rode.fi\/?page_id=3128"},"modified":"2026-02-12T14:26:47","modified_gmt":"2026-02-12T12:26:47","slug":"for-byggherrar-och-disponenter","status":"publish","type":"page","link":"https:\/\/rode.fi\/sv\/kontakt\/for-byggherrar-och-disponenter\/","title":{"rendered":"F\u00f6r byggherrar och disponenter"},"content":{"rendered":"<h2>INSTRUKTIONER<\/h2>\n<p>Planeringsanvisningen \u00e4r avsedd f\u00f6r planerare och byggherrar f\u00f6r fastigheter som ska anslutas till r\u00f6rinsamlingssystem f\u00f6r avfall. Anvisningen \u00e4r avsedd f\u00f6r skissplanering av objektet, och den kan inte anses vara en bindande, objektspecifik planeringsanvisning. Planeringsanvisningen f\u00e5s genom att ta kontakt med teknisk manager Aleksi Viren (<a href=\"mailto:aleksi.viren@putkikerays.fi\">aleksi.viren@putkikerays.fi<\/a>).<\/p>\n<p>Marimatic Oy ansvarar f\u00f6r planering, byggande och underh\u00e5ll av r\u00f6rinsamlingssystem med livscykelansvarsprincipen. Kontaktperson \u00e4r Kristiina M\u00e4nnist\u00f6 (<a href=\"mailto:kristiina.mannisto@marimatic.fi\">mannisto@marimatic.fi<\/a>).<\/p>\n","protected":false},"excerpt":{"rendered":"<p>INSTRUKTIONER Planeringsanvisningen \u00e4r avsedd f\u00f6r planerare och byggherrar f\u00f6r fastigheter som ska anslutas till r\u00f6rinsamlingssystem f\u00f6r avfall. Anvisningen \u00e4r avsedd f\u00f6r skissplanering av objektet, och\u2026<\/p>\n","protected":false},"author":15,"featured_media":0,"parent":1479,"menu_order":0,"comment_status":"closed","ping_status":"closed","template":"page-contact-2.php","meta":{"_acf_changed":false,"footnotes":""},"class_list":["post-3128","page","type-page","status-publish","hentry"],"acf":[],"_links":{"self":[{"href":"https:\/\/rode.fi\/sv\/wp-json\/wp\/v2\/pages\/3128","targetHints":{"allow":["GET"]}}],"collection":[{"href":"https:\/\/rode.fi\/sv\/wp-json\/wp\/v2\/pages"}],"about":[{"href":"https:\/\/rode.fi\/sv\/wp-json\/wp\/v2\/types\/page"}],"author":[{"embeddable":true,"href":"https:\/\/rode.fi\/sv\/wp-json\/wp\/v2\/users\/15"}],"replies":[{"embeddable":true,"href":"https:\/\/rode.fi\/sv\/wp-json\/wp\/v2\/comments?post=3128"}],"version-history":[{"count":11,"href":"https:\/\/rode.fi\/sv\/wp-json\/wp\/v2\/pages\/3128\/revisions"}],"predecessor-version":[{"id":4172,"href":"https:\/\/rode.fi\/sv\/wp-json\/wp\/v2\/pages\/3128\/revisions\/4172"}],"up":[{"embeddable":true,"href":"https:\/\/rode.fi\/sv\/wp-json\/wp\/v2\/pages\/1479"}],"wp:attachment":[{"href":"https:\/\/rode.fi\/sv\/wp-json\/wp\/v2\/media?parent=3128"}],"curies":[{"name":"wp","href":"https:\/\/api.w.org\/{rel}","templated":true}]}}