{"id":314,"date":"2012-05-22T13:43:45","date_gmt":"2012-05-22T10:43:45","guid":{"rendered":"http:\/\/dev.imu.solidangle.fi\/etusivu\/nyt-saa-luukuttaa\/biojate\/"},"modified":"2013-10-30T10:15:32","modified_gmt":"2013-10-30T08:15:32","slug":"biojate","status":"publish","type":"page","link":"https:\/\/rode.fi\/sv\/forstasida\/nyt-saa-luukuttaa\/biojate\/","title":{"rendered":"Bioavfall"},"content":{"rendered":"<p>Rester av k\u00f6tt, fisk, frukt, br\u00f6d och gr\u00f6nsaker; \u00e4ven \u00e4ggskal, kaffesump, filterp\u00e5sar, hush\u00e5llspapper och snittblommor<\/p>\n<h3>Kom ih\u00e5g!<\/h3>\n<p>Anv\u00e4nd p\u00e5sar avsedda f\u00f6r bioavfall och slut p\u00e5sen omsorgsfullt<\/p>\n","protected":false},"excerpt":{"rendered":"<p>Rester av k\u00f6tt, fisk, frukt, br\u00f6d och gr\u00f6nsaker; \u00e4ven \u00e4ggskal, kaffesump, filterp\u00e5sar, hush\u00e5llspapper och snittblommor Kom ih\u00e5g! Anv\u00e4nd p\u00e5sar avsedda f\u00f6r bioavfall och slut p\u00e5sen\u2026<\/p>\n","protected":false},"author":10,"featured_media":2526,"parent":299,"menu_order":1,"comment_status":"closed","ping_status":"closed","template":"","meta":{"_acf_changed":false,"footnotes":""},"class_list":["post-314","page","type-page","status-publish","has-post-thumbnail","hentry"],"acf":[],"_links":{"self":[{"href":"https:\/\/rode.fi\/sv\/wp-json\/wp\/v2\/pages\/314","targetHints":{"allow":["GET"]}}],"collection":[{"href":"https:\/\/rode.fi\/sv\/wp-json\/wp\/v2\/pages"}],"about":[{"href":"https:\/\/rode.fi\/sv\/wp-json\/wp\/v2\/types\/page"}],"author":[{"embeddable":true,"href":"https:\/\/rode.fi\/sv\/wp-json\/wp\/v2\/users\/10"}],"replies":[{"embeddable":true,"href":"https:\/\/rode.fi\/sv\/wp-json\/wp\/v2\/comments?post=314"}],"version-history":[{"count":7,"href":"https:\/\/rode.fi\/sv\/wp-json\/wp\/v2\/pages\/314\/revisions"}],"predecessor-version":[{"id":988,"href":"https:\/\/rode.fi\/sv\/wp-json\/wp\/v2\/pages\/314\/revisions\/988"}],"up":[{"embeddable":true,"href":"https:\/\/rode.fi\/sv\/wp-json\/wp\/v2\/pages\/299"}],"wp:featuredmedia":[{"embeddable":true,"href":"https:\/\/rode.fi\/sv\/wp-json\/wp\/v2\/media\/2526"}],"wp:attachment":[{"href":"https:\/\/rode.fi\/sv\/wp-json\/wp\/v2\/media?parent=314"}],"curies":[{"name":"wp","href":"https:\/\/api.w.org\/{rel}","templated":true}]}}