{"id":336,"date":"2012-05-22T13:45:58","date_gmt":"2012-05-22T10:45:58","guid":{"rendered":"http:\/\/dev.imu.solidangle.fi\/etusivu\/nyt-saa-luukuttaa\/kerayspaperi\/"},"modified":"2013-10-24T13:00:03","modified_gmt":"2013-10-24T10:00:03","slug":"kerayspaperi","status":"publish","type":"page","link":"https:\/\/rode.fi\/sv\/forstasida\/nyt-saa-luukuttaa\/kerayspaperi\/","title":{"rendered":"Papper"},"content":{"rendered":"<p>Tidningar, reklampost, broschyrer, kataloger, kopierings- och ritpapper, pocketb\u00f6cker, pappersp\u00e5sar och kuvert tillverkade av vitt papper<\/p>\n<h3>Kom ih\u00e5g!<\/h3>\n<p>Unvik blockering i r\u00f6ret &#8211; kasta tidningar l\u00f6st eller i mindre obundna buntar. L\u00e4gg dem inte i bruna pappers- eller plastp\u00e5sar<\/p>\n","protected":false},"excerpt":{"rendered":"<p>Tidningar, reklampost, broschyrer, kataloger, kopierings- och ritpapper, pocketb\u00f6cker, pappersp\u00e5sar och kuvert tillverkade av vitt papper Kom ih\u00e5g! Unvik blockering i r\u00f6ret &#8211; kasta tidningar l\u00f6st\u2026<\/p>\n","protected":false},"author":10,"featured_media":2533,"parent":299,"menu_order":2,"comment_status":"open","ping_status":"closed","template":"","meta":{"_acf_changed":false,"footnotes":""},"class_list":["post-336","page","type-page","status-publish","has-post-thumbnail","hentry"],"acf":[],"_links":{"self":[{"href":"https:\/\/rode.fi\/sv\/wp-json\/wp\/v2\/pages\/336","targetHints":{"allow":["GET"]}}],"collection":[{"href":"https:\/\/rode.fi\/sv\/wp-json\/wp\/v2\/pages"}],"about":[{"href":"https:\/\/rode.fi\/sv\/wp-json\/wp\/v2\/types\/page"}],"author":[{"embeddable":true,"href":"https:\/\/rode.fi\/sv\/wp-json\/wp\/v2\/users\/10"}],"replies":[{"embeddable":true,"href":"https:\/\/rode.fi\/sv\/wp-json\/wp\/v2\/comments?post=336"}],"version-history":[{"count":5,"href":"https:\/\/rode.fi\/sv\/wp-json\/wp\/v2\/pages\/336\/revisions"}],"predecessor-version":[{"id":904,"href":"https:\/\/rode.fi\/sv\/wp-json\/wp\/v2\/pages\/336\/revisions\/904"}],"up":[{"embeddable":true,"href":"https:\/\/rode.fi\/sv\/wp-json\/wp\/v2\/pages\/299"}],"wp:featuredmedia":[{"embeddable":true,"href":"https:\/\/rode.fi\/sv\/wp-json\/wp\/v2\/media\/2533"}],"wp:attachment":[{"href":"https:\/\/rode.fi\/sv\/wp-json\/wp\/v2\/media?parent=336"}],"curies":[{"name":"wp","href":"https:\/\/api.w.org\/{rel}","templated":true}]}}