{"id":345,"date":"2012-05-22T13:48:14","date_gmt":"2012-05-22T10:48:14","guid":{"rendered":"http:\/\/dev.imu.solidangle.fi\/etusivu\/nyt-saa-luukuttaa\/sekajate\/"},"modified":"2013-10-24T13:04:40","modified_gmt":"2013-10-24T10:04:40","slug":"blandavfal","status":"publish","type":"page","link":"https:\/\/rode.fi\/sv\/forstasida\/nyt-saa-luukuttaa\/blandavfal\/","title":{"rendered":"Blandavfall"},"content":{"rendered":"<p>Plastp\u00e5sar, eng\u00e5ngsbl\u00f6jor, smutsiga f\u00f6rpackningar, sm\u00e5 plastsaker<\/p>\n<h3>Kom ih\u00e5g!<\/h3>\n<p>En vanlig plastp\u00e5se l\u00e4mpar sig v\u00e4l f\u00f6r dessa \u2013 men l\u00e4mna en tredjedel (1\/3) av p\u00e5sen tom och slut p\u00e5sen ordentligt<\/p>\n","protected":false},"excerpt":{"rendered":"<p>Plastp\u00e5sar, eng\u00e5ngsbl\u00f6jor, smutsiga f\u00f6rpackningar, sm\u00e5 plastsaker Kom ih\u00e5g! En vanlig plastp\u00e5se l\u00e4mpar sig v\u00e4l f\u00f6r dessa \u2013 men l\u00e4mna en tredjedel (1\/3) av p\u00e5sen tom\u2026<\/p>\n","protected":false},"author":10,"featured_media":2547,"parent":299,"menu_order":4,"comment_status":"open","ping_status":"open","template":"","meta":{"_acf_changed":false,"footnotes":""},"class_list":["post-345","page","type-page","status-publish","has-post-thumbnail","hentry"],"acf":[],"_links":{"self":[{"href":"https:\/\/rode.fi\/sv\/wp-json\/wp\/v2\/pages\/345","targetHints":{"allow":["GET"]}}],"collection":[{"href":"https:\/\/rode.fi\/sv\/wp-json\/wp\/v2\/pages"}],"about":[{"href":"https:\/\/rode.fi\/sv\/wp-json\/wp\/v2\/types\/page"}],"author":[{"embeddable":true,"href":"https:\/\/rode.fi\/sv\/wp-json\/wp\/v2\/users\/10"}],"replies":[{"embeddable":true,"href":"https:\/\/rode.fi\/sv\/wp-json\/wp\/v2\/comments?post=345"}],"version-history":[{"count":4,"href":"https:\/\/rode.fi\/sv\/wp-json\/wp\/v2\/pages\/345\/revisions"}],"predecessor-version":[{"id":911,"href":"https:\/\/rode.fi\/sv\/wp-json\/wp\/v2\/pages\/345\/revisions\/911"}],"up":[{"embeddable":true,"href":"https:\/\/rode.fi\/sv\/wp-json\/wp\/v2\/pages\/299"}],"wp:featuredmedia":[{"embeddable":true,"href":"https:\/\/rode.fi\/sv\/wp-json\/wp\/v2\/media\/2547"}],"wp:attachment":[{"href":"https:\/\/rode.fi\/sv\/wp-json\/wp\/v2\/media?parent=345"}],"curies":[{"name":"wp","href":"https:\/\/api.w.org\/{rel}","templated":true}]}}