{"id":367,"date":"2012-05-22T13:50:39","date_gmt":"2012-05-22T10:50:39","guid":{"rendered":"http:\/\/dev.imu.solidangle.fi\/etusivu\/pida-putkesta-huolta\/"},"modified":"2018-10-24T10:39:45","modified_gmt":"2018-10-24T07:39:45","slug":"ta-hand-om-rore","status":"publish","type":"page","link":"https:\/\/rode.fi\/sv\/forstasida\/ta-hand-om-rore\/","title":{"rendered":"Ta hand om r\u00f6ret"},"content":{"rendered":"<p>Enligt finsk avfallslagstiftning ska bioavfall och blandat avfall placeras i en p\u00e5se. Bioavfall b\u00f6r ha en egen, biologiskt nedbrytbar p\u00e5se, medan blandavfall exempelvis kan placeras i vanliga plastp\u00e5sar fr\u00e5n matbutiken. \u00c4ven plastf\u00f6rpackningar kan g\u00e4rna l\u00e4ggas i en plastp\u00e5se.<\/p>\n<p>Avfallsluckan rymmer endast en 20-liters p\u00e5se \u00e5t g\u00e5ngen. L\u00e5nga eller stora f\u00f6rem\u00e5l f\u00e5r inte l\u00e4ggas i systemet, de ska f\u00f6ras till sorteringsrummet.<\/p>\n","protected":false},"excerpt":{"rendered":"<p>Enligt finsk avfallslagstiftning ska bioavfall och blandat avfall placeras i en p\u00e5se. Bioavfall b\u00f6r ha en egen, biologiskt nedbrytbar p\u00e5se, medan blandavfall exempelvis kan placeras\u2026<\/p>\n","protected":false},"author":10,"featured_media":1774,"parent":248,"menu_order":1,"comment_status":"open","ping_status":"open","template":"","meta":{"_acf_changed":false,"footnotes":""},"class_list":["post-367","page","type-page","status-publish","has-post-thumbnail","hentry"],"acf":[],"_links":{"self":[{"href":"https:\/\/rode.fi\/sv\/wp-json\/wp\/v2\/pages\/367","targetHints":{"allow":["GET"]}}],"collection":[{"href":"https:\/\/rode.fi\/sv\/wp-json\/wp\/v2\/pages"}],"about":[{"href":"https:\/\/rode.fi\/sv\/wp-json\/wp\/v2\/types\/page"}],"author":[{"embeddable":true,"href":"https:\/\/rode.fi\/sv\/wp-json\/wp\/v2\/users\/10"}],"replies":[{"embeddable":true,"href":"https:\/\/rode.fi\/sv\/wp-json\/wp\/v2\/comments?post=367"}],"version-history":[{"count":7,"href":"https:\/\/rode.fi\/sv\/wp-json\/wp\/v2\/pages\/367\/revisions"}],"predecessor-version":[{"id":1793,"href":"https:\/\/rode.fi\/sv\/wp-json\/wp\/v2\/pages\/367\/revisions\/1793"}],"up":[{"embeddable":true,"href":"https:\/\/rode.fi\/sv\/wp-json\/wp\/v2\/pages\/248"}],"wp:featuredmedia":[{"embeddable":true,"href":"https:\/\/rode.fi\/sv\/wp-json\/wp\/v2\/media\/1774"}],"wp:attachment":[{"href":"https:\/\/rode.fi\/sv\/wp-json\/wp\/v2\/media?parent=367"}],"curies":[{"name":"wp","href":"https:\/\/api.w.org\/{rel}","templated":true}]}}