{"id":392,"date":"2012-05-22T13:58:52","date_gmt":"2012-05-22T10:58:52","guid":{"rendered":"http:\/\/dev.imu.solidangle.fi\/etusivu\/ta-hand-om-rore\/muut-jatteet\/"},"modified":"2018-10-24T10:49:28","modified_gmt":"2018-10-24T07:49:28","slug":"ovrigt-avfall","status":"publish","type":"page","link":"https:\/\/rode.fi\/sv\/forstasida\/ta-hand-om-rore\/ovrigt-avfall\/","title":{"rendered":"\u00d6vrigt avfall"},"content":{"rendered":"<p>Alla typer av avfall har sin egen utsedda plats. \u00c5teranv\u00e4ndningscentralen, HRM:s sorteringsstationer, containrarna f\u00f6r farligt avfall och insamlingsbilarna som cirkulerar under v\u00e5ren och aff\u00e4rerna \u00e4r avsedda f\u00f6r andra typer av avfall. Det l\u00f6nar sig att beakta de olika avfallskategorierna redan vid sorteringen.<\/p>\n<p>\u00c5teranv\u00e4ndning av f\u00f6rem\u00e5l \u00e4r milj\u00f6v\u00e4nlig verksamhet Ge de f\u00f6rem\u00e5l du inte beh\u00f6ver ett nytt liv.<\/p>\n<p><span style=\"text-decoration: underline;\">ANV\u00c4NDBARA F\u00d6REM\u00c5L<\/span><\/p>\n<ul>\n<li><strong>Stora anv\u00e4ndbara f\u00f6rem\u00e5l\u00a0<\/strong>&#8211; Till \u00e5teranv\u00e4ndningscentralen.<\/li>\n<li><strong>Sm\u00e5\u00a0<strong>anv\u00e4ndbara f\u00f6rem\u00e5l<\/strong><\/strong> <strong>(b\u00f6cker, kl\u00e4der, k\u00e4rl)<\/strong> &#8211; Till \u00e5teranv\u00e4ndningscentralen.<\/li>\n<\/ul>\n<p><span style=\"text-decoration: underline;\">AVFALL<\/span><\/p>\n<ul>\n<li><strong>Stort avfall och brun papp som inte ryms i avfallsr\u00f6ret <\/strong>&#8211; Till sorteringsrummet.<\/li>\n<li><strong>Glas<\/strong>\u00a0&#8211; Till sorteringsrummet.<\/li>\n<li><strong>Metall<\/strong> &#8211; Till sorteringsrummet.<\/li>\n<li><strong>Farligt avfall<\/strong> &#8211; Till insamlingsst\u00e4llen, sorteringsstationer f\u00f6r farligt avfall eller HRM:s insamlingsbilar som circulerar under v\u00e5ren.<\/li>\n<li><strong>Batterier<\/strong> &#8211; Till aff\u00e4ren.<\/li>\n<li><strong>Litet el- och elektronikskrot<\/strong> &#8211; Till aff\u00e4ren eller \u00e5teranv\u00e4ndningcentralen.<\/li>\n<li><strong>Stort\u00a0el- och elektronikskrot<\/strong> &#8211; Till sorteringsstationer eller till aff\u00e4ren i samband med ink\u00f6p av ny apparat.<\/li>\n<li><strong>Energisparlampor och lysr\u00f6r <\/strong>&#8211; Till sorteringsstationer f\u00f6r farligt avfall eller till aff\u00e4ren.<\/li>\n<\/ul>\n","protected":false},"excerpt":{"rendered":"<p>Alla typer av avfall har sin egen utsedda plats. \u00c5teranv\u00e4ndningscentralen, HRM:s sorteringsstationer, containrarna f\u00f6r farligt avfall och insamlingsbilarna som cirkulerar under v\u00e5ren och aff\u00e4rerna \u00e4r\u2026<\/p>\n","protected":false},"author":10,"featured_media":0,"parent":367,"menu_order":2,"comment_status":"closed","ping_status":"closed","template":"","meta":{"_acf_changed":false,"footnotes":""},"class_list":["post-392","page","type-page","status-publish","hentry"],"acf":[],"_links":{"self":[{"href":"https:\/\/rode.fi\/sv\/wp-json\/wp\/v2\/pages\/392","targetHints":{"allow":["GET"]}}],"collection":[{"href":"https:\/\/rode.fi\/sv\/wp-json\/wp\/v2\/pages"}],"about":[{"href":"https:\/\/rode.fi\/sv\/wp-json\/wp\/v2\/types\/page"}],"author":[{"embeddable":true,"href":"https:\/\/rode.fi\/sv\/wp-json\/wp\/v2\/users\/10"}],"replies":[{"embeddable":true,"href":"https:\/\/rode.fi\/sv\/wp-json\/wp\/v2\/comments?post=392"}],"version-history":[{"count":10,"href":"https:\/\/rode.fi\/sv\/wp-json\/wp\/v2\/pages\/392\/revisions"}],"predecessor-version":[{"id":1798,"href":"https:\/\/rode.fi\/sv\/wp-json\/wp\/v2\/pages\/392\/revisions\/1798"}],"up":[{"embeddable":true,"href":"https:\/\/rode.fi\/sv\/wp-json\/wp\/v2\/pages\/367"}],"wp:attachment":[{"href":"https:\/\/rode.fi\/sv\/wp-json\/wp\/v2\/media?parent=392"}],"curies":[{"name":"wp","href":"https:\/\/api.w.org\/{rel}","templated":true}]}}