{"id":539,"date":"2012-06-27T12:30:13","date_gmt":"2012-06-27T09:30:13","guid":{"rendered":"http:\/\/dev.imu.solidangle.fi\/?page_id=539"},"modified":"2012-07-09T16:37:04","modified_gmt":"2012-07-09T13:37:04","slug":"registerbeskrivning","status":"publish","type":"page","link":"https:\/\/rode.fi\/sv\/kontakt\/registerbeskrivning\/","title":{"rendered":"Registerbeskrivning"},"content":{"rendered":"<p>D\u00e5 du registrerar dig \u00f6verf\u00f6rs dina uppgifter automatiskt till en server som uppr\u00e4tth\u00e5lls och \u00e4gs av Art and Design City Helsinki Oy, som befinner sig i ett l\u00e5st och bevakat maskinrum, och som \u00e4r avsett f\u00f6r tj\u00e4nsterna p\u00e5 <a href=\"http:\/\/www.kalasatamanimu.fi\">www.kalasatamanimu.fi<\/a> och <a href=\"http:\/\/www.jatkasaarenroori.fi\">www.jatkasaarenroori.fi<\/a>. Inloggningsuppgifterna f\u00f6rvaras p\u00e5 en separat LDAP-server, varifr\u00e5n n\u00f6dv\u00e4ndiga uppgifter h\u00e4mtas endast f\u00f6r detta \u00e4ndam\u00e5l d\u00e5 sidorna anv\u00e4nds. Efter att du loggat in kan du fritt redigera dina uppgifter, l\u00e4gga till eller avl\u00e4gsna dem.<\/p>\n<p>Registrering f\u00f6ruts\u00e4tts enbart f\u00f6r spalten &#8221;\u00e5tervinningsforum&#8221;, d\u00e4r du kan annonsera saker och m\u00f6bler som \u00e4r on\u00f6diga f\u00f6r dig. Annonsen du l\u00e4gger in finns p\u00e5 spalten i 30 dagar, varefter den f\u00f6rsvinner automatiskt.<br \/>\nAdministrat\u00f6ren har r\u00e4tt att ta bort &#8221;till f\u00f6rs\u00e4ljning&#8221; eller andra kommersiella annonser, lika som ol\u00e4mpliga meddelanden.<\/p>\n<p>Kom ih\u00e5g att webben inte \u00e4r en skyddad omgivning, och se upp med att avsl\u00f6ja s\u00e5dana uppgifter vars utl\u00e4mning kan f\u00f6rorsaka dig mental, ekonomisk eller annan skada.<\/p>\n<p>Registerbeskrivning enligt personuppgiftslagens (523\/1999) paragraf 10:<\/p>\n<p><strong>REGISTERF\u00d6RARE<\/strong><br \/>\nArt and Design City Helsinki Oy (ADC)<br \/>\nF-nummer:1080355-2<br \/>\nTavastv\u00e4gen 133 A<br \/>\n00560 Helsingfors<\/p>\n<p><strong>Person som sk\u00f6ter register och kontaktuppgifter:<\/strong><br \/>\nKari Halinen, Art and Design City Helsinki Oy, Tavastv\u00e4gen 133 A, 00560 Helsingfors<\/p>\n<p><strong>Registrets namn:<\/strong><br \/>\nkalastamanimu.fi och jatkasaarenroori.fi<\/p>\n<p><strong>Grund f\u00f6r uppr\u00e4tth\u00e5llande av register:<\/strong><br \/>\nGrunden f\u00f6r uppr\u00e4tth\u00e5llandet av registret \u00e4r \u00f6vervakning av tj\u00e4nsten &#8221;\u00e5tervinningsforum&#8221;.<\/p>\n<p><strong>Registrets anv\u00e4ndningssyfte:<\/strong><br \/>\n\u00d6vervakning av tj\u00e4nsten &#8221;\u00e5tervinningsforum&#8221; p\u00e5 webbsidorna <a href=\"http:\/\/www.kalastamanimu.fi\"> www.kalastamanimu.fi<\/a> och <a href=\"http:\/\/www.jatkasaarenroori.fi\">www.jatkasaarenroori.fi<\/a><\/p>\n<p><strong>UPGGIFTERNA SOM REGISTRET INNEH\u00c5LLER<\/strong><br \/>\nE-postadress och inloggningsnamn som efterfr\u00e5gas d\u00e5 man registrerar sig.<\/p>\n<p><strong>STADGEENLIGA INFORMATIONSK\u00c4LLOR<\/strong><br \/>\nFr\u00e5n privatpersoner f\u00e5r man e-postadress och inloggningsnamn d\u00e5 de f\u00f6r f\u00f6rsta g\u00e5ngen registrerar sig som anv\u00e4ndare p\u00e5 &#8221;\u00e5tervinningsforumet&#8221;.<\/p>\n<p><strong>UTL\u00c4MNING AV UPPGIFTER<\/strong><br \/>\nUppgifterna l\u00e4mnas inte ut till tredje part.<\/p>\n<p><strong>NYTTJANDE AV R\u00c4TTIGHETER<\/strong><br \/>\nVarje registrerad anv\u00e4ndare har r\u00e4tt att f\u00e5 veta vilken information som lagrats om henne\/honom i den databas som beskrivs i denna registerbeskrivning. Man kan kontrollera informationen kostnadsfritt en g\u00e5ng per kalender\u00e5r. Beg\u00e4ran om kontrollering ska skriftligen l\u00e4mnas in till den person som sk\u00f6ter uppeh\u00e4llet av registret, och ans\u00f6kan b\u00f6r vara undertecknad f\u00f6r hand. Uppgifter som ges ut p\u00e5 grund av beg\u00e4ran om kontrollering ges skriftligen och levereras per post till den adress som personen angivit.<\/p>\n<p><strong>SKYDD AV REGISTRET<\/strong><br \/>\nEndast givna anst\u00e4llda p\u00e5 ADC och p\u00e5 f\u00f6retag som jobbar p\u00e5 ADCs uppdrag har r\u00e4tt att anv\u00e4nda den elektroniska tj\u00e4nstens applikation. Databasen har olika anv\u00e4ndarniv\u00e5er, vilket betyder att anv\u00e4ndaren f\u00e5r administrations- och l\u00e4sr\u00e4ttigheter endast till uppgifter som \u00e4r n\u00f6dv\u00e4ndiga med tanke p\u00e5 anv\u00e4ndningen.<\/p>\n<p><strong>ATT AVL\u00c4GSNA REGISTRERADE PERSONER<\/strong><br \/>\nIfall anv\u00e4ndaren inte har loggat in i den elektroniska tj\u00e4nsten p\u00e5 sex m\u00e5nader har administrat\u00f6ren r\u00e4tt att avl\u00e4gsna personens konto. En medlem har r\u00e4tt att n\u00e4r som helst avl\u00e4gsna sina egna uppgifter fr\u00e5n registret.<\/p>\n","protected":false},"excerpt":{"rendered":"<p>D\u00e5 du registrerar dig \u00f6verf\u00f6rs dina uppgifter automatiskt till en server som uppr\u00e4tth\u00e5lls och \u00e4gs av Art and Design City Helsinki Oy, som befinner sig\u2026<\/p>\n","protected":false},"author":10,"featured_media":0,"parent":1479,"menu_order":17,"comment_status":"open","ping_status":"closed","template":"full-width-page.php","meta":{"_acf_changed":false,"footnotes":""},"class_list":["post-539","page","type-page","status-publish","hentry"],"acf":[],"_links":{"self":[{"href":"https:\/\/rode.fi\/sv\/wp-json\/wp\/v2\/pages\/539","targetHints":{"allow":["GET"]}}],"collection":[{"href":"https:\/\/rode.fi\/sv\/wp-json\/wp\/v2\/pages"}],"about":[{"href":"https:\/\/rode.fi\/sv\/wp-json\/wp\/v2\/types\/page"}],"author":[{"embeddable":true,"href":"https:\/\/rode.fi\/sv\/wp-json\/wp\/v2\/users\/10"}],"replies":[{"embeddable":true,"href":"https:\/\/rode.fi\/sv\/wp-json\/wp\/v2\/comments?post=539"}],"version-history":[{"count":17,"href":"https:\/\/rode.fi\/sv\/wp-json\/wp\/v2\/pages\/539\/revisions"}],"predecessor-version":[{"id":730,"href":"https:\/\/rode.fi\/sv\/wp-json\/wp\/v2\/pages\/539\/revisions\/730"}],"up":[{"embeddable":true,"href":"https:\/\/rode.fi\/sv\/wp-json\/wp\/v2\/pages\/1479"}],"wp:attachment":[{"href":"https:\/\/rode.fi\/sv\/wp-json\/wp\/v2\/media?parent=539"}],"curies":[{"name":"wp","href":"https:\/\/api.w.org\/{rel}","templated":true}]}}