{"id":567,"date":"2012-06-27T12:50:45","date_gmt":"2012-06-27T09:50:45","guid":{"rendered":"http:\/\/dev.imu.solidangle.fi\/?page_id=567"},"modified":"2012-07-09T15:38:32","modified_gmt":"2012-07-09T12:38:32","slug":"atervinningsforum","status":"publish","type":"page","link":"https:\/\/rode.fi\/sv\/atervinningsforum\/","title":{"rendered":"\u00c5tervinn saker som blivit on\u00f6diga"},"content":{"rendered":"<p>P\u00e5 \u00e5tervinningstorget kan du \u00e5tervinna s\u00e5dana saker som blivit on\u00f6diga f\u00f6r dig.<\/p>\n<p>I annonsen b\u00f6r finnas kontaktuppgifter, d.v.s. antingen telefonnummer eller e-postadress, eller b\u00e5de och. Kom ih\u00e5g att vid behov ocks\u00e5 meddela tidpunkt f\u00f6r n\u00e4r intresserade kan kontakta dig (t.ex. &#8221;vardagar kl 10-12&#8221;).<\/p>\n<p>D\u00e5 saken har bytt \u00e4gare l\u00f6nar det sig att anteckna i annonsen att den inte l\u00e4ngre \u00e4r ikraft. S\u00e5 undviker du on\u00f6diga kontakt f\u00f6rs\u00f6k senare.<\/p>\n<p>Annonsen avl\u00e4gsnas automatiskt 30 dagar efter att den lagts in.<\/p>\n","protected":false},"excerpt":{"rendered":"<p>P\u00e5 \u00e5tervinningstorget kan du \u00e5tervinna s\u00e5dana saker som blivit on\u00f6diga f\u00f6r dig. I annonsen b\u00f6r finnas kontaktuppgifter, d.v.s. antingen telefonnummer eller e-postadress, eller b\u00e5de och.\u2026<\/p>\n","protected":false},"author":10,"featured_media":0,"parent":0,"menu_order":2,"comment_status":"open","ping_status":"closed","template":"page-kierratysfoorumi.php","meta":{"_acf_changed":false,"footnotes":""},"class_list":["post-567","page","type-page","status-publish","hentry"],"acf":[],"_links":{"self":[{"href":"https:\/\/rode.fi\/sv\/wp-json\/wp\/v2\/pages\/567","targetHints":{"allow":["GET"]}}],"collection":[{"href":"https:\/\/rode.fi\/sv\/wp-json\/wp\/v2\/pages"}],"about":[{"href":"https:\/\/rode.fi\/sv\/wp-json\/wp\/v2\/types\/page"}],"author":[{"embeddable":true,"href":"https:\/\/rode.fi\/sv\/wp-json\/wp\/v2\/users\/10"}],"replies":[{"embeddable":true,"href":"https:\/\/rode.fi\/sv\/wp-json\/wp\/v2\/comments?post=567"}],"version-history":[{"count":10,"href":"https:\/\/rode.fi\/sv\/wp-json\/wp\/v2\/pages\/567\/revisions"}],"predecessor-version":[{"id":698,"href":"https:\/\/rode.fi\/sv\/wp-json\/wp\/v2\/pages\/567\/revisions\/698"}],"wp:attachment":[{"href":"https:\/\/rode.fi\/sv\/wp-json\/wp\/v2\/media?parent=567"}],"curies":[{"name":"wp","href":"https:\/\/api.w.org\/{rel}","templated":true}]}}